{"id":3728,"date":"2024-02-13T10:29:39","date_gmt":"2024-02-13T09:29:39","guid":{"rendered":"https:\/\/andreaadamo.it\/?page_id=3728"},"modified":"2024-02-13T11:30:24","modified_gmt":"2024-02-13T10:30:24","slug":"reso-e-cambio","status":"publish","type":"page","link":"https:\/\/andreaadamo.it\/it\/reso-e-cambio\/","title":{"rendered":"Reso e Cambio"},"content":{"rendered":"<div class=\"returns-page\">\r\n<h1>Reso\/Cambio<\/h1>\r\n<p>Se per qualsiasi motivo il cliente non si ritenesse soddisfatto del proprio acquisto pu\u00f2 esercitare il suo diritto di recesso e restituire gli articoli entro 28 giorni dalla data di consegna della merce. Entro lo stesso termine di 28 giorni dalla data di \r\nconsegna, il cliente pu\u00f2 richiedere la sostituzione degli articoli acquistati con articoli dello stesso modello, aventi taglia o colore diversi, qualora disponibili.\r\n<br>\r\n<strong>Il diritto di recesso sar\u00e0 correttamente esercitato o la richiesta di sostituzione degli articoli acquistati potr\u00e0 essere accettata solo se sono rispettati tutti i TERMINI E CONDIZIONI indicati pi\u00f9 avanti.<\/strong><\/p>\r\n<h2>ISTRUZIONI PER LE RICHIESTE DI RESO\/CAMBIO<\/h2>\r\n<ol>\r\n<li>\r\nPer iniziare la procedura di richiesta di reso\/cambio \u00e8 necessario contattare il customer service via mail <a href=\"mailto:customercare@andreaadamo.it\">customercare@andreaadamo.it<\/a>. Una volta completata la procedura, ANDRE\u0100DAMO invier\u00e0 una conferma via e-mail dell\u2019avvenuto ricevimento della richiesta di reso o di sostituzione della merce contenente il Numero di autorizzazione alla Riconsegna (R.A.N.), l\u2019etichetta per la spedizione e le istruzioni da rispettare per rispedire la merce.\r\n<\/li>\r\n<li>\r\n<strong>La spedizione di rientro effettuata con il corriere indicato da ANDRE\u0100DAMO \u00e8 GRATUITA.<\/strong> \r\n<br>\r\nQualora la merce venga rispedita utilizzando un corriere diverso, tutti i costi della spedizione saranno a carico del cliente e ANDRE\u0100DAMO non sar\u00e0 responsabile in alcun modo di articoli smarriti o danneggiati. Scegliendo di usare un corriere diverso, il cliente dovr\u00e0 pagare tutte le tasse e le spese, se applicabili, al momento della spedizione.\r\n<br>\r\n<strong>Gli articoli da restituire a ANDRE\u0100DAMO devono essere spediti dalla stessa nazione in cui l\u2019ordine originario \u00e8 stato consegnato. \r\nANDRE\u0100DAMO si riserva il diritto di non accettare articoli spediti con corrieri diversi da quello indicato nella e-mail con le istruzioni per le richieste di reso\/ cambio: il reso non sar\u00e0 accettato da ANDRE\u0100DAMO e l\u2019articolo verr\u00e0 respinto al mittente qualora la consegna comporti costi aggiuntivi per ANDRE\u0100DAMO o richieda il ritiro presso una filiale del corriere stesso<\/strong>.\r\n<\/li>\r\n<li>La spedizione della merce deve avvenire entro 28 giorni dalla ricezione dell\u2019ordine.<\/li>\r\n<\/ol>\r\n<br>\r\n<h2>RICHIESTE DI SOSTITUZIONE PER CAMBIO TAGLIA\/COLORE<\/h2>\r\n<ol>\r\n<li>\r\n<strong>\u00c8 possibile richiedere la sostituzione degli articoli acquistati solo con articoli dello stesso modello, effettuando il cambio per una diversa misura\/colore qualora disponibile RICHIESTE DI RIMBORSO<\/strong> \r\n<\/li>\r\n<ul class=\"disc-style\">\r\n<li>Dopo che l\u2019articolo sar\u00e0 stato ricevuto da ANDRE\u0100DAMO e processato nei modi e termini previsti dalle condizioni di reso e cambi, sar\u00e0 effettuato il rimborso del prezzo pagato per l\u2019articolo acquistato.<\/li>\r\n<li>Per gli acquisti con Carta di Credito, l\u2019importo rimborsato sar\u00e0 disponibile per il cliente in circa 10 (dieci) giorni, e sar\u00e0 comunque visibile sul successivo estratto conto della Carta di Credito stessa. La tempistica pu\u00f2 variare in base al circuito bancario della Carta di Credito utilizzata.<\/li>\r\n<li>Per gli acquisti con Paypal, carte di credito, Apple Pay, Google Pay o con Bonifico Bancario, l\u2019importo sar\u00e0 restituito sul conto originale in circa 10 (dieci) giorni.<\/li>\r\n<li>Il rimborso sar\u00e0 emesso nella stessa valuta dell\u2019acquisto originale.Eventuali differenze di importo dovute alla fluttuazione del cambio non potranno essere rimborsate. L\u2019eventuale costo sostenuto originariamente per la spedizione degli articoli acquistati sar\u00e0 rimborsato al cliente solo nel caso in cui vengano restituiti tutti gli articoli acquistati.<\/li>\r\n<\/ul>\r\n<\/ol>\r\n<h2>TERMINI E CONDIZIONI PER I RESI E CAMBI <\/h2>\r\n<p>Il reso pu\u00f2 essere richiesto esclusivamente dallo stesso intestatario dell\u2019ordine ed effettuato allo stesso indirizzo utilizzato per la spedizione.<\/p>\r\n<ul class=\"disc-style\">\r\n<li>\r\nGli articoli devono essere spediti all\u2019interno dell\u2019imballaggio ANDRE\u0100DAMO, comprensivo di chiusura autoadesiva. Dovranno inoltre \r\nessere imballati in maniera adeguata, nello stesso modo in cui sono stati ricevuti. Soltanto qualora l\u2019imballaggio originale non sia pi\u00f9 utilizzabile e\/o fortemente danneggiato , pu\u00f2 essere usato un altro imballo adeguato alla spedizione degli articoli. Va evitato in tutti casi la posizione di etichetta o nastri adesivi direttamente sulla confezione originale del prodotto.\r\n<\/li>\r\n<li>La spedizione, fino all\u2019attestato di avvenuto ricevimento presso la ditta <strong>ANDRE\u0100DAMO<\/strong>, \u00e8 sotto la completa responsabilit\u00e0 del cliente.<\/li>\r\n<li>Gli articoli devono essere restituiti muniti di tutte le etichette ed i cartellini identificativi fissati in origine e comprensivi di tutte le confezioni ed accessori originali (dustbags, grucce, copriabiti etc.) ricevuti insieme all\u2019articolo ordinato. <strong>I capi di abbigliamento<\/strong> non devono essere stati indossati, lavati o alterati e non devono presentare nessun segno d\u2019uso. <\/li>\r\n<li><strong>Calzature e accessori<\/strong> devono essere restituiti integri insieme alla loro scatola originale, che \u00e8 considerata a tutti gli effetti parte integrante del prodotto stesso e che non deve essere stata in nessun modo danneggiata e\/o alterata, n\u00e9 utilizzata come unico imballaggio esterno. Le suole delle calzature devono essere in perfette condizioni e non presentare segni di alcun tipo. <\/li>\r\n<li>Costumi da bagno e capi intimi (bikini, slip, boxer etc.) devono essere provati sopra la propria biancheria personale. I resi\/cambi saranno rifiutati e rispediti al cliente nel caso in cui i capi presentino segni di utilizzo. <\/li>\r\n<li>Gli articoli devono essere restituiti nella confezione originale con gli accessori, i componenti e materiali illustrativi originali. Dovranno inoltre essere imballati in maniera adeguata, nello stesso modo in cui sono stati ricevuti.<\/li>\r\n<li>Nell\u2019eventualit\u00e0 che il cliente ritenga di aver ricevuto merce difettosa, o che si siano verificati errori nelle spedizioni, si invita il cliente a contattare immediatamente <a href=\"mailto:customerservice@andreadamo.it\">customerservice@andreadamo.it<\/a> ANDRE\u0100DAMO si riserva il diritto di richiedere prove fotografiche prima di autorizzare resi per merce difettosa e farsi carico delle spese di spedizione per il rientro della merce presso i propri locali.<\/li>\r\n<li>I resi saranno rifiutati e rispediti al Cliente nel caso in cui l\u2019etichetta sia stata rimossa, o nel caso in cui i capi presentino i segni di uso. <br> Tutti i capi restituiti sono sottoposti a ispezione da parte di ANDRE\u0100DAMO.COM e devono rispettare tutti i parametri elencati nella procedura di reso. ANDRE\u0100DAMO.COM si riserva il diritto di stabilire un addebito pari al 10% del valore della merce restituita nei casi in cui il reso non sia conforme a tutti i termini e condizioni previsti dalla nostra politica resi.<\/li>\r\n<li>ANDRE\u0100DAMO si riserva il diritto di rifiutare le richieste di reso\/cambio per i quali non siano stati rispettati tutti i TERMINI E CONDIZIONI previsti. In questi casi la merce verr\u00e0 restituita al mittente all\u2019indirizzo di spedizione originale con addebito al cliente delle spese di spedizione.<\/li>\r\n<li>Il diritto di recesso per i contratti conclusi sul sito ANDRE\u0100DAMO \u00e8 escluso in  conformit\u00e0 all\u2019art. 59 Codice del Consumo Italiano relativamente a: <\/li>\r\n<ul class=\"disc-style\">\r\n<li>la fornitura di beni sigillati che non si prestano ad essere restituiti per motivi igienici o connessi alla protezione della salute e sono stati aperti dopo la consegna.<\/li>\r\n<li>la fornitura di beni che rischiano di deteriorarsi o scadere rapidamente.<\/li>\r\n<li><strong>la fornitura di beni confezionati su misura o chiaramente personalizzati su espressa richiesta dell\u2019acquirente in fase di ordine<\/strong>.<\/li>\r\n<\/ul>\r\n<\/ul>\r\n<p>A titolo esemplificativo e non esaustivo, sono sicuramente esclusi dal recesso i seguenti prodotti:<\/p>\r\n<ul class=\"disc-style\">\r\n<li>Alcuni articoli della sezione Intimo\/Lingerie (ove espressamente indicato)<\/li>\r\n<li>Articoli della sezione Beauty (ove espressamente indicato).<\/li>\r\n<li>Confezioni natalizie.<\/li>\r\n<\/ul>\r\n<p>Per ogni bene a cui si applica l\u2019esclusione del recesso, ANDRE\u0100DAMO fornisce al cliente consumatore una indicazione specifica direttamente nella scheda prodotto.\r\nResta comunque facolt\u00e0 di ANDRE\u0100DAMO accettare la richiesta di recesso anche per i beni esclusi da tale diritto, qualora a suo insindacabile giudizio lo ritenga opportuno per motivate ragioni.<br>\r\nI clienti sono pregati di notare che ANDRE\u0100DAMO monitora costantemente il numero di resi effettuati: i resi frequenti che non rispettano i TERMINI E CONDIZIONI saranno contrassegnati. ANDRE\u0100DAMO si riserva il diritto di chiudere l\u2019account o di non completare gli ordini futuri dei clienti che continuano a violare i termini e condizioni.<br>\r\nPer tutti gli aspetti non specificamente espressi, si rinvia alla normativa Europea per il commercio a distanza.<br>\r\n<strong>Nota: in caso di incongruenze, discrepanze o divergenze di interpretazione tra la versione inglese e qualsiasi altra versione linguistica di questa pubblicazione, prevarr\u00e0 la versione in lingua inglese<\/strong>.<\/p>\r\n<h2>LEGGE ITALIANA<\/h2>\r\n<p>I clienti che accedono al presente sito dichiarano di accettare che tutte le questioni relative all&#8217;utilizzo del sito Web ANDRE\u0100DAMO.COM siano regolate dalla legislazione vigente dello Stato italiano. ANDRE\u0100DAMO.COM non garantisce in alcun modo che il contenuto del sito sia conforme alle normative vigenti in altri paesi. L&#8217;accesso al sito ANDRE\u0100DAMO.COM da luoghi in cui i relativi contenuti sono considerati illegali \u00e8 espressamente proibito. I clienti che decidano di accedere al sito da tali paesi sono pienamente consapevoli delle conseguenze \r\nlegali e delle sanzioni in cui rischiano di incorrere e saranno i soli responsabili del rispetto delle leggi locali.<\/p>\r\n<\/div>","protected":false},"excerpt":{"rendered":"<p>Reso\/Cambio Se per qualsiasi motivo il cliente non si ritenesse soddisfatto del proprio acquisto pu\u00f2 esercitare il suo diritto di recesso e restituire gli articoli entro 28 giorni dalla data di consegna della merce. Entro lo stesso termine di 28 giorni dalla data di consegna, il cliente pu\u00f2 richiedere la sostituzione degli articoli acquistati con [&hellip;]<\/p>\n","protected":false},"author":2,"featured_media":0,"parent":0,"menu_order":0,"comment_status":"closed","ping_status":"closed","template":"","meta":{"_acf_changed":false,"footnotes":""},"categories":[],"tags":[],"acf":[],"yoast_head":"<!-- This site is optimized with the Yoast SEO plugin v22.0 - https:\/\/yoast.com\/wordpress\/plugins\/seo\/ -->\n<title>Reso e Cambio - ANDRE\u0100DAMO<\/title>\n<meta name=\"robots\" content=\"index, follow, max-snippet:-1, max-image-preview:large, max-video-preview:-1\" \/>\n<link rel=\"canonical\" href=\"https:\/\/andreaadamo.it\/it\/reso-e-cambio\/\" \/>\n<meta property=\"og:locale\" content=\"it_IT\" \/>\n<meta property=\"og:type\" content=\"article\" \/>\n<meta property=\"og:title\" content=\"Reso e Cambio - ANDRE\u0100DAMO\" \/>\n<meta property=\"og:description\" content=\"Reso\/Cambio Se per qualsiasi motivo il cliente non si ritenesse soddisfatto del proprio acquisto pu\u00f2 esercitare il suo diritto di recesso e restituire gli articoli entro 28 giorni dalla data di consegna della merce. Entro lo stesso termine di 28 giorni dalla data di consegna, il cliente pu\u00f2 richiedere la sostituzione degli articoli acquistati con [&hellip;]\" \/>\n<meta property=\"og:url\" content=\"https:\/\/andreaadamo.it\/it\/reso-e-cambio\/\" \/>\n<meta property=\"og:site_name\" content=\"ANDRE\u0100DAMO\" \/>\n<meta property=\"article:modified_time\" content=\"2024-02-13T10:30:24+00:00\" \/>\n<meta name=\"twitter:card\" content=\"summary_large_image\" \/>\n<meta name=\"twitter:label1\" content=\"Tempo di lettura stimato\" \/>\n\t<meta name=\"twitter:data1\" content=\"6 minuti\" \/>\n<script type=\"application\/ld+json\" class=\"yoast-schema-graph\">{\"@context\":\"https:\/\/schema.org\",\"@graph\":[{\"@type\":\"WebPage\",\"@id\":\"https:\/\/andreaadamo.it\/it\/reso-e-cambio\/\",\"url\":\"https:\/\/andreaadamo.it\/it\/reso-e-cambio\/\",\"name\":\"Reso e Cambio - ANDRE\u0100DAMO\",\"isPartOf\":{\"@id\":\"https:\/\/andreaadamo.it\/it\/#website\"},\"datePublished\":\"2024-02-13T09:29:39+00:00\",\"dateModified\":\"2024-02-13T10:30:24+00:00\",\"breadcrumb\":{\"@id\":\"https:\/\/andreaadamo.it\/it\/reso-e-cambio\/#breadcrumb\"},\"inLanguage\":\"it-IT\",\"potentialAction\":[{\"@type\":\"ReadAction\",\"target\":[\"https:\/\/andreaadamo.it\/it\/reso-e-cambio\/\"]}]},{\"@type\":\"BreadcrumbList\",\"@id\":\"https:\/\/andreaadamo.it\/it\/reso-e-cambio\/#breadcrumb\",\"itemListElement\":[{\"@type\":\"ListItem\",\"position\":1,\"name\":\"Home\",\"item\":\"https:\/\/andreaadamo.it\/it\/\"},{\"@type\":\"ListItem\",\"position\":2,\"name\":\"Reso e Cambio\"}]},{\"@type\":\"WebSite\",\"@id\":\"https:\/\/andreaadamo.it\/it\/#website\",\"url\":\"https:\/\/andreaadamo.it\/it\/\",\"name\":\"ANDRE\u0100DAMO\",\"description\":\"Un nuovo sito targato WordPress\",\"potentialAction\":[{\"@type\":\"SearchAction\",\"target\":{\"@type\":\"EntryPoint\",\"urlTemplate\":\"https:\/\/andreaadamo.it\/it\/?s={search_term_string}\"},\"query-input\":\"required name=search_term_string\"}],\"inLanguage\":\"it-IT\"}]}<\/script>\n<!-- \/ Yoast SEO plugin. -->","yoast_head_json":{"title":"Reso e Cambio - ANDRE\u0100DAMO","robots":{"index":"index","follow":"follow","max-snippet":"max-snippet:-1","max-image-preview":"max-image-preview:large","max-video-preview":"max-video-preview:-1"},"canonical":"https:\/\/andreaadamo.it\/it\/reso-e-cambio\/","og_locale":"it_IT","og_type":"article","og_title":"Reso e Cambio - ANDRE\u0100DAMO","og_description":"Reso\/Cambio Se per qualsiasi motivo il cliente non si ritenesse soddisfatto del proprio acquisto pu\u00f2 esercitare il suo diritto di recesso e restituire gli articoli entro 28 giorni dalla data di consegna della merce. Entro lo stesso termine di 28 giorni dalla data di consegna, il cliente pu\u00f2 richiedere la sostituzione degli articoli acquistati con [&hellip;]","og_url":"https:\/\/andreaadamo.it\/it\/reso-e-cambio\/","og_site_name":"ANDRE\u0100DAMO","article_modified_time":"2024-02-13T10:30:24+00:00","twitter_card":"summary_large_image","twitter_misc":{"Tempo di lettura stimato":"6 minuti"},"schema":{"@context":"https:\/\/schema.org","@graph":[{"@type":"WebPage","@id":"https:\/\/andreaadamo.it\/it\/reso-e-cambio\/","url":"https:\/\/andreaadamo.it\/it\/reso-e-cambio\/","name":"Reso e Cambio - ANDRE\u0100DAMO","isPartOf":{"@id":"https:\/\/andreaadamo.it\/it\/#website"},"datePublished":"2024-02-13T09:29:39+00:00","dateModified":"2024-02-13T10:30:24+00:00","breadcrumb":{"@id":"https:\/\/andreaadamo.it\/it\/reso-e-cambio\/#breadcrumb"},"inLanguage":"it-IT","potentialAction":[{"@type":"ReadAction","target":["https:\/\/andreaadamo.it\/it\/reso-e-cambio\/"]}]},{"@type":"BreadcrumbList","@id":"https:\/\/andreaadamo.it\/it\/reso-e-cambio\/#breadcrumb","itemListElement":[{"@type":"ListItem","position":1,"name":"Home","item":"https:\/\/andreaadamo.it\/it\/"},{"@type":"ListItem","position":2,"name":"Reso e Cambio"}]},{"@type":"WebSite","@id":"https:\/\/andreaadamo.it\/it\/#website","url":"https:\/\/andreaadamo.it\/it\/","name":"ANDRE\u0100DAMO","description":"Un nuovo sito targato WordPress","potentialAction":[{"@type":"SearchAction","target":{"@type":"EntryPoint","urlTemplate":"https:\/\/andreaadamo.it\/it\/?s={search_term_string}"},"query-input":"required name=search_term_string"}],"inLanguage":"it-IT"}]}},"_links":{"self":[{"href":"https:\/\/andreaadamo.it\/it\/wp-json\/wp\/v2\/pages\/3728"}],"collection":[{"href":"https:\/\/andreaadamo.it\/it\/wp-json\/wp\/v2\/pages"}],"about":[{"href":"https:\/\/andreaadamo.it\/it\/wp-json\/wp\/v2\/types\/page"}],"author":[{"embeddable":true,"href":"https:\/\/andreaadamo.it\/it\/wp-json\/wp\/v2\/users\/2"}],"replies":[{"embeddable":true,"href":"https:\/\/andreaadamo.it\/it\/wp-json\/wp\/v2\/comments?post=3728"}],"version-history":[{"count":26,"href":"https:\/\/andreaadamo.it\/it\/wp-json\/wp\/v2\/pages\/3728\/revisions"}],"predecessor-version":[{"id":3781,"href":"https:\/\/andreaadamo.it\/it\/wp-json\/wp\/v2\/pages\/3728\/revisions\/3781"}],"wp:attachment":[{"href":"https:\/\/andreaadamo.it\/it\/wp-json\/wp\/v2\/media?parent=3728"}],"wp:term":[{"taxonomy":"category","embeddable":true,"href":"https:\/\/andreaadamo.it\/it\/wp-json\/wp\/v2\/categories?post=3728"},{"taxonomy":"post_tag","embeddable":true,"href":"https:\/\/andreaadamo.it\/it\/wp-json\/wp\/v2\/tags?post=3728"}],"curies":[{"name":"wp","href":"https:\/\/api.w.org\/{rel}","templated":true}]}}